{"id":3095,"date":"2021-06-14T16:28:46","date_gmt":"2021-06-14T14:28:46","guid":{"rendered":"https:\/\/www.les-surprises.fr\/concerts-surprises\/"},"modified":"2021-06-14T16:28:48","modified_gmt":"2021-06-14T14:28:48","slug":"concerts-surprises","status":"publish","type":"page","link":"https:\/\/www.les-surprises.fr\/en\/concerts-surprises\/","title":{"rendered":"Concerts Surprises !"},"content":{"rendered":"<div class=\"fusion-fullwidth fullwidth-box fusion-builder-row-1 nonhundred-percent-fullwidth non-hundred-percent-height-scrolling\" style=\"background-color: rgba(255,255,255,0);background-position: center center;background-repeat: no-repeat;padding-top:0px;padding-right:0px;padding-bottom:0px;padding-left:0px;margin-bottom: 0px;margin-top: 0px;border-width: 0px 0px 0px 0px;border-color:#eae9e9;border-style:solid;\" ><div class=\"fusion-builder-row fusion-row\"><div class=\"fusion-layout-column fusion_builder_column fusion-builder-column-0 fusion_builder_column_1_1 1_1 fusion-one-full fusion-column-first fusion-column-last fusion-animated\" style=\"margin-top:0px;margin-bottom:20px;\" data-animationType=\"fadeInDown\" data-animationDuration=\"0.6\" data-animationOffset=\"top-into-view\"><div class=\"fusion-column-wrapper fusion-flex-column-wrapper-legacy\" style=\"background-position:left top;background-repeat:no-repeat;-webkit-background-size:cover;-moz-background-size:cover;-o-background-size:cover;background-size:cover;padding: 0px 0px 0px 0px;\"><style type=\"text\/css\"><\/style><div class=\"fusion-title title fusion-title-1 fusion-title-center fusion-title-text fusion-title-size-one\" style=\"margin-top:0px;margin-right:0px;margin-bottom:31px;margin-left:0px;\"><div class=\"title-sep-container title-sep-container-left\"><div class=\"title-sep sep-double sep-solid\" style=\"border-color:#ea4d3d;\"><\/div><\/div><span class=\"awb-title-spacer\"><\/span><h1 class=\"title-heading-center\" style=\"margin:0;\">Concert Surprises !<\/h1><span class=\"awb-title-spacer\"><\/span><div class=\"title-sep-container title-sep-container-right\"><div class=\"title-sep sep-double sep-solid\" style=\"border-color:#ea4d3d;\"><\/div><\/div><\/div><style type=\"text\/css\"><\/style><div class=\"fusion-title title fusion-title-2 fusion-sep-none fusion-title-center fusion-title-text fusion-title-size-three\" style=\"margin-top:0px;margin-right:0px;margin-bottom:31px;margin-left:0px;\"><h3 class=\"title-heading-center\" style=\"margin:0;\">Tues 27 juillet 2021 de 16h \u00e0 22h<\/h3><\/div><div class=\"fusion-text fusion-text-1\"><p style=\"text-align: justify;\">L&#8217;ensemble Les Surprises vous invite \u00e0 un itin\u00e9raire musical : cinq haltes \u00e0 travers Bordeaux avant de se retrouver pour le concert de cl\u00f4ture \u00e0 21h \u00e0 la cath\u00e9drale Saint-Andr\u00e9.<\/p>\n<p style=\"text-align: justify;\">Eug\u00e9nie Lefebvre, soprano \/ Juliette Guignard, viole de gambe \/ Etienne Galletier, th\u00e9orbe et guitare \/ Louis-No\u00ebl Bestion de Camboulas, clavecin et orgue<\/p>\n<p style=\"text-align: justify;\">Pour cet \u00e9v\u00e9nement nous avons choisi une immersion dans le territoire bordelais entre nature et patrimoine. Apr\u00e8s un passage dans les jardins du Parvis des archives Bordeaux M\u00e9tropole venez vous rafra\u00eechir dans des \u00e9glises bordelaises et (re)d\u00e9couvrir les grandes orgues historiques. L\u2019ancien et le moderne se rencontreront dans les mus\u00e9es. Chacune des escales sera l\u2019occasion d\u2019un petit concert intime \u00e0 la d\u00e9couverte d\u2019un musicien, d\u2019un duo ou d\u2019un trio. Comme bouquet final, l\u2019ensemble Les Surprises se retrouvera r\u00e9uni \u00e0 la cath\u00e9drale Saint-Andr\u00e9 pour un floril\u00e8ge de musique baroque.<\/p>\n<\/div><div class=\"fusion-clearfix\"><\/div><\/div><\/div><div class=\"fusion-layout-column fusion_builder_column fusion-builder-column-1 fusion_builder_column_1_1 1_1 fusion-one-full fusion-column-first fusion-column-last fusion-animated\" style=\"margin-top:0px;margin-bottom:20px;\" data-animationType=\"fadeInUp\" data-animationDuration=\"0.6\" data-animationOffset=\"top-into-view\"><div class=\"fusion-column-wrapper fusion-flex-column-wrapper-legacy\" style=\"background-position:left top;background-repeat:no-repeat;-webkit-background-size:cover;-moz-background-size:cover;-o-background-size:cover;background-size:cover;padding: 0px 0px 0px 0px;\"><style type=\"text\/css\"><\/style><div class=\"fusion-title title fusion-title-3 fusion-title-center fusion-title-text fusion-title-size-two\" style=\"margin-top:0px;margin-right:0px;margin-bottom:31px;margin-left:0px;\"><div class=\"title-sep-container title-sep-container-left\"><div class=\"title-sep sep-double sep-solid\" style=\"border-color:#ea4d3d;\"><\/div><\/div><span class=\"awb-title-spacer\"><\/span><h2 class=\"title-heading-center\" style=\"margin:0;\">Le programme<\/h2><span class=\"awb-title-spacer\"><\/span><div class=\"title-sep-container title-sep-container-right\"><div class=\"title-sep sep-double sep-solid\" style=\"border-color:#ea4d3d;\"><\/div><\/div><\/div><div class=\"fusion-text fusion-text-2\"><p>16h\u00a0: <em>\u00c0 la folie<\/em> \/ (20 min) : Juliette Guignard, viole de gambe<\/p>\n<p>17h\u00a0: <em>Soleil Couchant <\/em>\/ (20 min) : Eug\u00e9nie Lefebvre, soprano et Louis-No\u00ebl Bestion de Camboulas, grand orgue<\/p>\n<p>18h\u00a0: <em>J\u2019en pince pour lui <\/em>\/ (20 min) : Etienne Galletier, th\u00e9orbe<\/p>\n<p>19h\u00a0: <em>Jeux d\u2019eau<\/em> \/ (20 min) : Eug\u00e9nie Lefebvre, soprano \/ Juliette Guignard, viole de gambe \/ Etienne Galletier, th\u00e9orbe et guitare<\/p>\n<p>20h\u00a0: \u00a0<em>D\u00e9lices d\u2019orgue<\/em> \/ (20 min) : Louis-No\u00ebl Bestion de Camboulas, grand orgue<\/p>\n<p>21h\u00a0: <em>Concert Surprise \u00a0<\/em>\/ (50 min) : Cath\u00e9drale Saint-Andr\u00e9<\/p>\n<p>Eug\u00e9nie Lefebvre, soprano \/ Juliette Guignard, viole de gambe \/ Etienne Galletier, th\u00e9orbe et guitare \/ Louis-No\u00ebl Bestion de Camboulas, clavecin<\/p>\n<\/div><div class=\"fusion-clearfix\"><\/div><\/div><\/div><div class=\"fusion-layout-column fusion_builder_column fusion-builder-column-2 fusion_builder_column_1_1 1_1 fusion-one-full fusion-column-first fusion-column-last fusion-animated\" style=\"margin-top:0px;margin-bottom:20px;\" data-animationType=\"fadeInUp\" data-animationDuration=\"0.6\" data-animationOffset=\"top-into-view\"><div class=\"fusion-column-wrapper fusion-flex-column-wrapper-legacy\" style=\"background-position:left top;background-repeat:no-repeat;-webkit-background-size:cover;-moz-background-size:cover;-o-background-size:cover;background-size:cover;padding: 0px 0px 0px 0px;\"><style type=\"text\/css\"><\/style><div class=\"fusion-title title fusion-title-4 fusion-title-center fusion-title-text fusion-title-size-two\" style=\"margin-top:0px;margin-right:0px;margin-bottom:31px;margin-left:0px;\"><div class=\"title-sep-container title-sep-container-left\"><div class=\"title-sep sep-double sep-solid\" style=\"border-color:#ea4d3d;\"><\/div><\/div><span class=\"awb-title-spacer\"><\/span><h2 class=\"title-heading-center\" style=\"margin:0;\">Informations pratiques<\/h2><span class=\"awb-title-spacer\"><\/span><div class=\"title-sep-container title-sep-container-right\"><div class=\"title-sep sep-double sep-solid\" style=\"border-color:#ea4d3d;\"><\/div><\/div><\/div><div class=\"fusion-text fusion-text-3\"><p>Entr\u00e9e libre &#8211; Le parcours peut \u00eatre suivi int\u00e9gralement ou partiellement<\/p>\n<p>Inscription recommand\u00e9e : production@les-surprises.fr \/ 07 85 78 89 00<\/p>\n<\/div><div class=\"fusion-clearfix\"><\/div><\/div><\/div><\/div><\/div>\n","protected":false},"excerpt":{"rendered":"","protected":false},"author":4,"featured_media":0,"parent":0,"menu_order":0,"comment_status":"closed","ping_status":"closed","template":"","meta":{"footnotes":""},"class_list":["post-3095","page","type-page","status-publish","hentry"],"_links":{"self":[{"href":"https:\/\/www.les-surprises.fr\/en\/wp-json\/wp\/v2\/pages\/3095","targetHints":{"allow":["GET"]}}],"collection":[{"href":"https:\/\/www.les-surprises.fr\/en\/wp-json\/wp\/v2\/pages"}],"about":[{"href":"https:\/\/www.les-surprises.fr\/en\/wp-json\/wp\/v2\/types\/page"}],"author":[{"embeddable":true,"href":"https:\/\/www.les-surprises.fr\/en\/wp-json\/wp\/v2\/users\/4"}],"replies":[{"embeddable":true,"href":"https:\/\/www.les-surprises.fr\/en\/wp-json\/wp\/v2\/comments?post=3095"}],"version-history":[{"count":2,"href":"https:\/\/www.les-surprises.fr\/en\/wp-json\/wp\/v2\/pages\/3095\/revisions"}],"predecessor-version":[{"id":3097,"href":"https:\/\/www.les-surprises.fr\/en\/wp-json\/wp\/v2\/pages\/3095\/revisions\/3097"}],"wp:attachment":[{"href":"https:\/\/www.les-surprises.fr\/en\/wp-json\/wp\/v2\/media?parent=3095"}],"curies":[{"name":"wp","href":"https:\/\/api.w.org\/{rel}","templated":true}]}}