{"id":1039,"date":"2017-04-25T09:26:52","date_gmt":"2017-04-25T07:26:52","guid":{"rendered":"https:\/\/www.les-surprises.fr\/presentation\/"},"modified":"2026-02-02T16:42:03","modified_gmt":"2026-02-02T15:42:03","slug":"presentation","status":"publish","type":"page","link":"https:\/\/www.les-surprises.fr\/en\/presentation\/","title":{"rendered":"Presentation"},"content":{"rendered":"<div class=\"fusion-fullwidth fullwidth-box fusion-builder-row-1 nonhundred-percent-fullwidth non-hundred-percent-height-scrolling\" style=\"background-color: rgba(255,255,255,0);background-position: center center;background-repeat: no-repeat;padding-top:0px;padding-right:0px;padding-bottom:0px;padding-left:0px;margin-bottom: 0px;margin-top: 0px;border-width: 0px 0px 0px 0px;border-color:#eae9e9;border-style:solid;\" ><div class=\"fusion-builder-row fusion-row\"><div class=\"fusion-layout-column fusion_builder_column fusion-builder-column-0 fusion_builder_column_1_1 1_1 fusion-one-full fusion-column-first fusion-column-last fusion-animated\" style=\"margin-top:0px;margin-bottom:20px;\" data-animationType=\"fadeInDown\" data-animationDuration=\"0.6\" data-animationOffset=\"top-into-view\"><div class=\"fusion-column-wrapper fusion-flex-column-wrapper-legacy\" style=\"background-position:left top;background-repeat:no-repeat;-webkit-background-size:cover;-moz-background-size:cover;-o-background-size:cover;background-size:cover;padding: 0px 0px 0px 0px;\"><style type=\"text\/css\"><\/style><div class=\"fusion-title title fusion-title-1 fusion-title-center fusion-title-text fusion-title-size-one\" style=\"margin-top:0px;margin-right:0px;margin-bottom:31px;margin-left:0px;\"><div class=\"title-sep-container title-sep-container-left\"><div class=\"title-sep sep-double sep-solid\" style=\"border-color:#ea4d3d;\"><\/div><\/div><span class=\"awb-title-spacer\"><\/span><h1 class=\"title-heading-center\" style=\"margin:0;\">Presentation<\/h1><span class=\"awb-title-spacer\"><\/span><div class=\"title-sep-container title-sep-container-right\"><div class=\"title-sep sep-double sep-solid\" style=\"border-color:#ea4d3d;\"><\/div><\/div><\/div>\n<style type=\"text\/css\"><\/style><div class=\"fusion-title title fusion-title-2 fusion-sep-none fusion-title-center fusion-title-text fusion-title-size-three\" style=\"margin-top:0px;margin-right:0px;margin-bottom:31px;margin-left:0px;\"><h3 class=\"title-heading-center\" style=\"margin:0;\"><p>Louis-No\u00ebl Bestion de Camboulas, artistic director and conductor<br \/>\nJuliette Guignard, general director<\/p><\/h3><\/div><div class=\"fusion-text fusion-text-1\"><p style=\"text-align: center;\">The ensemble Les Surprises is a baroque and multifaceted ensemble, founded in 2010 on the initiative of Juliette Guignard, violist, and Louis-No\u00ebl Bestion de Camboulas, organist and harpsichordist.<\/p>\n<p style=\"text-align: center;\">In borrowing its name from the opera ballet <em>Les Surprises de l&#8217;Amour<\/em> by Jean-Philippe Rameau,\u00a0the group has placed its destiny under the lucky star of this composer, with the aim of exploring operatic music in all its shapes and forms !<\/p>\n<\/div><div class=\"fusion-clearfix\"><\/div><\/div><\/div><div class=\"fusion-layout-column fusion_builder_column fusion-builder-column-1 fusion_builder_column_1_2 1_2 fusion-one-half fusion-column-first fusion-animated\" style=\"width:50%;width:calc(50% - ( ( 4% ) * 0.5 ) );margin-right: 4%;margin-top:0px;margin-bottom:20px;\" data-animationType=\"fadeInLeft\" data-animationDuration=\"0.6\" data-animationOffset=\"top-into-view\"><div class=\"fusion-column-wrapper fusion-flex-column-wrapper-legacy\" style=\"background-position:left top;background-repeat:no-repeat;-webkit-background-size:cover;-moz-background-size:cover;-o-background-size:cover;background-size:cover;padding: 0px 0px 0px 0px;\"><div class=\"imageframe-align-center\"><span class=\" fusion-imageframe imageframe-none imageframe-1 hover-type-none\"><img decoding=\"async\" width=\"2560\" height=\"1225\" title=\"Nuit \u00e0 Venise_Jean Feriot\" src=\"https:\/\/www.les-surprises.fr\/wp-content\/uploads\/2023\/06\/Nuit-a-Venise_Jean-Feriot-scaled-e1747322120711.jpg\" class=\"img-responsive wp-image-4273\" srcset=\"https:\/\/www.les-surprises.fr\/wp-content\/uploads\/2023\/06\/Nuit-a-Venise_Jean-Feriot-scaled-e1747322120711-200x96.jpg 200w, https:\/\/www.les-surprises.fr\/wp-content\/uploads\/2023\/06\/Nuit-a-Venise_Jean-Feriot-scaled-e1747322120711-400x191.jpg 400w, https:\/\/www.les-surprises.fr\/wp-content\/uploads\/2023\/06\/Nuit-a-Venise_Jean-Feriot-scaled-e1747322120711-600x287.jpg 600w, https:\/\/www.les-surprises.fr\/wp-content\/uploads\/2023\/06\/Nuit-a-Venise_Jean-Feriot-scaled-e1747322120711-800x383.jpg 800w, https:\/\/www.les-surprises.fr\/wp-content\/uploads\/2023\/06\/Nuit-a-Venise_Jean-Feriot-scaled-e1747322120711-1200x574.jpg 1200w, https:\/\/www.les-surprises.fr\/wp-content\/uploads\/2023\/06\/Nuit-a-Venise_Jean-Feriot-scaled-e1747322120711.jpg 2560w\" sizes=\"(max-width: 1080px) 100vw, 600px\" \/><\/span><\/div><div class=\"fusion-clearfix\"><\/div><\/div><\/div><div class=\"fusion-layout-column fusion_builder_column fusion-builder-column-2 fusion_builder_column_1_2 1_2 fusion-one-half fusion-column-last fusion-animated\" style=\"width:50%;width:calc(50% - ( ( 4% ) * 0.5 ) );margin-top:0px;margin-bottom:20px;\" data-animationType=\"fadeInRight\" data-animationDuration=\"0.6\" data-animationOffset=\"top-into-view\"><div class=\"fusion-column-wrapper fusion-flex-column-wrapper-legacy\" style=\"background-position:left top;background-repeat:no-repeat;-webkit-background-size:cover;-moz-background-size:cover;-o-background-size:cover;background-size:cover;padding: 0px 0px 0px 0px;\"><style type=\"text\/css\"><\/style><div class=\"fusion-title title fusion-title-3 fusion-title-center fusion-title-text fusion-title-size-two\" style=\"margin-top:0px;margin-right:0px;margin-bottom:31px;margin-left:0px;\"><div class=\"title-sep-container title-sep-container-left\"><div class=\"title-sep sep-double sep-solid\" style=\"border-color:#ea4d3d;\"><\/div><\/div><span class=\"awb-title-spacer\"><\/span><h2 class=\"title-heading-center\" style=\"margin:0;\">Our work<\/h2><span class=\"awb-title-spacer\"><\/span><div class=\"title-sep-container title-sep-container-right\"><div class=\"title-sep sep-double sep-solid\" style=\"border-color:#ea4d3d;\"><\/div><\/div><\/div><div class=\"fusion-text fusion-text-2\" style=\"text-align:justify;\"><p>By taking the ensemble artistic direction, Louis-No\u00ebl Bestion de Camboulas wishes to participate to the baroque repertoire rediscovery and its improvement with new interpretations but also to explore the sounds richness offered by a baroque instrumentarium.<\/p>\n<p style=\"text-align: justify;\">The work of the ensemble is anchored in a process of musicological and historical research. Indeed Louis-No\u00ebl Bestion de Camboulas endeavour to highlight scores that have never been released since the 18th century, thanks to music libraries such as Biblioth\u00e8que Nationale de France (BNF) or Biblioth\u00e8que de l\u2019Op\u00e9ra de Paris. The latest records <em>Passion<\/em> with V\u00e9ronique Gens and <em>Rameau chez la Pompad<\/em>our are good exemples of this will.<\/p>\n<\/div><div class=\"fusion-clearfix\"><\/div><\/div><\/div><div class=\"fusion-layout-column fusion_builder_column fusion-builder-column-3 fusion_builder_column_1_2 1_2 fusion-one-half fusion-column-first fusion-animated\" style=\"width:50%;width:calc(50% - ( ( 4% ) * 0.5 ) );margin-right: 4%;margin-top:0px;margin-bottom:20px;\" data-animationType=\"fadeInLeft\" data-animationDuration=\"0.6\" data-animationOffset=\"top-into-view\"><div class=\"fusion-column-wrapper fusion-flex-column-wrapper-legacy\" style=\"background-position:left top;background-repeat:no-repeat;-webkit-background-size:cover;-moz-background-size:cover;-o-background-size:cover;background-size:cover;padding: 0px 0px 0px 0px;\"><div class=\"fusion-text fusion-text-3\"><blockquote>\n<p style=\"text-align: justify;\">&#8220;Les Surprises have ideas, talents, a repertoire to explore. An ensemble that gives, and promises even more.&#8221;<\/p>\n<p style=\"text-align: justify;\">Muse baroque<\/p>\n<\/blockquote>\n<\/div><div class=\"fusion-clearfix\"><\/div><\/div><\/div><div class=\"fusion-layout-column fusion_builder_column fusion-builder-column-4 fusion_builder_column_1_2 1_2 fusion-one-half fusion-column-last fusion-animated\" style=\"width:50%;width:calc(50% - ( ( 4% ) * 0.5 ) );margin-top:0px;margin-bottom:20px;\" data-animationType=\"fadeInRight\" data-animationDuration=\"0.6\" data-animationOffset=\"top-into-view\"><div class=\"fusion-column-wrapper fusion-flex-column-wrapper-legacy\" style=\"background-position:left top;background-repeat:no-repeat;-webkit-background-size:cover;-moz-background-size:cover;-o-background-size:cover;background-size:cover;padding: 0px 0px 0px 0px;\"><div class=\"fusion-text fusion-text-4\"><blockquote>\n<p style=\"text-align: justify;\">&#8220;We are looking forward to the next concert of the ensemble Les Surprises !&#8221;<\/p>\n<p style=\"text-align: justify;\">Alain Cochard, ConcertClassic<\/p>\n<\/blockquote>\n<\/div><div class=\"fusion-clearfix\"><\/div><\/div><\/div><div class=\"fusion-layout-column fusion_builder_column fusion-builder-column-5 fusion_builder_column_1_1 1_1 fusion-one-full fusion-column-first fusion-column-last\" style=\"margin-top:0px;margin-bottom:20px;\"><div class=\"fusion-column-wrapper fusion-flex-column-wrapper-legacy\" style=\"background-position:left top;background-repeat:no-repeat;-webkit-background-size:cover;-moz-background-size:cover;-o-background-size:cover;background-size:cover;padding: 0px 0px 0px 0px;\"><div class=\"imageframe-align-center\"><span class=\" fusion-imageframe imageframe-none imageframe-2 hover-type-none\"><img decoding=\"async\" width=\"1024\" height=\"140\" title=\"partitions\" src=\"https:\/\/www.les-surprises.fr\/wp-content\/uploads\/2017\/05\/partitions-1024x140.jpg\" class=\"img-responsive wp-image-996\" srcset=\"https:\/\/www.les-surprises.fr\/wp-content\/uploads\/2017\/05\/partitions-200x27.jpg 200w, https:\/\/www.les-surprises.fr\/wp-content\/uploads\/2017\/05\/partitions-400x55.jpg 400w, https:\/\/www.les-surprises.fr\/wp-content\/uploads\/2017\/05\/partitions-600x82.jpg 600w, https:\/\/www.les-surprises.fr\/wp-content\/uploads\/2017\/05\/partitions-800x109.jpg 800w, https:\/\/www.les-surprises.fr\/wp-content\/uploads\/2017\/05\/partitions-1200x164.jpg 1200w, https:\/\/www.les-surprises.fr\/wp-content\/uploads\/2017\/05\/partitions.jpg 1600w\" sizes=\"(max-width: 1080px) 100vw, 1200px\" \/><\/span><\/div><div class=\"fusion-clearfix\"><\/div><\/div><\/div><div class=\"fusion-layout-column fusion_builder_column fusion-builder-column-6 fusion_builder_column_1_1 1_1 fusion-one-full fusion-column-first fusion-column-last fusion-animated\" style=\"margin-top:0px;margin-bottom:20px;\" data-animationType=\"fadeInUp\" data-animationDuration=\"0.6\" data-animationOffset=\"top-into-view\"><div class=\"fusion-column-wrapper fusion-flex-column-wrapper-legacy\" style=\"background-position:left top;background-repeat:no-repeat;-webkit-background-size:cover;-moz-background-size:cover;-o-background-size:cover;background-size:cover;padding: 0px 0px 0px 0px;\"><style type=\"text\/css\"><\/style><div class=\"fusion-title title fusion-title-4 fusion-title-center fusion-title-text fusion-title-size-two\" style=\"margin-top:0px;margin-right:0px;margin-bottom:31px;margin-left:0px;\"><div class=\"title-sep-container title-sep-container-left\"><div class=\"title-sep sep-double sep-solid\" style=\"border-color:#ea4d3d;\"><\/div><\/div><span class=\"awb-title-spacer\"><\/span><h2 class=\"title-heading-center\" style=\"margin:0;\">Biography<\/h2><span class=\"awb-title-spacer\"><\/span><div class=\"title-sep-container title-sep-container-right\"><div class=\"title-sep sep-double sep-solid\" style=\"border-color:#ea4d3d;\"><\/div><\/div><\/div><div class=\"fusion-text fusion-text-5\" style=\"text-align:justify;\"><p>In 2014, Les Surprises received the &#8220;R\u00e9v\u00e9lation musicale&#8221; (new discovery) prize awarded by the French critic&#8217;s circle for the performing arts (&#8220;Syndicat professionnel de la critique de th\u00e9\u00e2tre, musique et danse).<\/p>\n<p>Les Surprises recorded six discs for the Ambronay Editions label (Outhere distribution). All have received warm praises from international and national press. The ensemble also begun a partnership with the Alpha Classics label in 2020 : six discs will be released between 2020 and 2025. The ensemble also works with Harmonia Mundi ; one disc has been released in 2022 and another in 2024 entitled <em>The Experts : the Bach &amp; Silbermann Dynasties<\/em>.<\/p>\n<p>The ensemble Les Surprises is ensemble in residency at the Cit\u00e9-Musicale &#8211; Arsenal de Metz.<\/p>\n<p>Les Surprises is associated with the Ferme de Villefavard in Limousin for the period 2026\u20132028.<\/p>\n<p>Since the beggining of its activities, the ensemble performed on multiple stages and festivals all over Europe and worldwide : Op\u00e9ra royal de Versailles, Op\u00e9ra de Massy, Auditorium de Radio France, Op\u00e9ra de Montpellier, festival d\u2019Ambronay, festival Sinfonia en P\u00e9rigord, festival de Saintes, Rencontres Musicales de V\u00e9zelay, festival Sanssouci (Potsdam \u2013 Allemagne), saison des Bozar (Bruxelles \u2013 Belgique), Saint John\u2019s Smith Square Londres \u2013 UK), Salle Bourgie (Montr\u00e9al), Beirut Chants Festival (Beirut \u2013 Liban), Singapour\u2026<\/p>\n<\/div><div class=\"fusion-clearfix\"><\/div><\/div><\/div><div class=\"fusion-layout-column fusion_builder_column fusion-builder-column-7 fusion_builder_column_1_1 1_1 fusion-one-full fusion-column-first fusion-column-last\" style=\"margin-top:0px;margin-bottom:20px;\"><div class=\"fusion-column-wrapper fusion-flex-column-wrapper-legacy\" style=\"background-position:left top;background-repeat:no-repeat;-webkit-background-size:cover;-moz-background-size:cover;-o-background-size:cover;background-size:cover;padding: 50px 0px 0px 0px;\"><style type=\"text\/css\"><\/style><div class=\"fusion-title title fusion-title-5 fusion-title-center fusion-title-text fusion-title-size-two\" style=\"margin-top:0px;margin-right:0px;margin-bottom:31px;margin-left:0px;\"><div class=\"title-sep-container title-sep-container-left\"><div class=\"title-sep sep-double sep-solid\" style=\"border-color:#ea4d3d;\"><\/div><\/div><span class=\"awb-title-spacer\"><\/span><h2 class=\"title-heading-center\" style=\"margin:0;\">The artists<\/h2><span class=\"awb-title-spacer\"><\/span><div class=\"title-sep-container title-sep-container-right\"><div class=\"title-sep sep-double sep-solid\" style=\"border-color:#ea4d3d;\"><\/div><\/div><\/div><div class=\"fusion-clearfix\"><\/div><\/div><\/div><div class=\"fusion-layout-column fusion_builder_column fusion-builder-column-8 fusion_builder_column_2_3 2_3 fusion-two-third fusion-column-first fusion-animated\" style=\"width:66.666666666667%;width:calc(66.666666666667% - ( ( 4% ) * 0.66666666666667 ) );margin-right: 4%;margin-top:0px;margin-bottom:20px;\" data-animationType=\"fadeInLeft\" data-animationDuration=\"0.6\" data-animationOffset=\"top-into-view\"><div class=\"fusion-column-wrapper fusion-flex-column-wrapper-legacy\" style=\"background-position:left top;background-repeat:no-repeat;-webkit-background-size:cover;-moz-background-size:cover;-o-background-size:cover;background-size:cover;padding: 0px 0px 0px 0px;\"><div class=\"fusion-text fusion-text-6\"><p><strong><a href=\"http:\/\/lnbestiondecamboulas.fr\/\" target=\"_blank\" rel=\"noopener\">Louis-No\u00ebl Bestion de Camboulas<\/a><\/strong>,\u00a0<em>artistic director, organ and harpsichord<\/em><br \/>\n<strong>Juliette Guignard<\/strong>, <em>general director and viola da gamba<\/em><\/p>\n<p><a href=\"https:\/\/www.eugenielefebvre.com\/\" target=\"_blank\" rel=\"noopener\"><strong>Eug\u00e9nie Lefebvre<\/strong><\/a>, <a href=\"https:\/\/www.cecileachille.com\/\" target=\"_blank\" rel=\"noopener\"><strong>C\u00e9cile Achille<\/strong><\/a>, <strong><a href=\"https:\/\/www.mailysdevilloutreys.fr\/\" target=\"_blank\" rel=\"noopener\">Ma\u00eflys de Villoutreys<\/a>, Amandine Trenc,\u00a0<a href=\"https:\/\/www.juliabeaumier.com\/\" target=\"_blank\" rel=\"noopener\">Julia Beaumier<\/a>, Eva Plouvier, Juliette Perret, Jehanne Amzal, , Jeanne Lefort,<\/strong>\u00a0<em>sopranos<\/em><\/p>\n<p><strong>Paulin B\u00fcndgen<\/strong>, <strong>Blandine de Sansal, Clotilde Cantau, Alice Habellion,<\/strong> <em>altos<\/em><\/p>\n<p><a href=\"https:\/\/mcandela537522.wixsite.com\/candelamartin-tenor\" target=\"_blank\" rel=\"noopener\"><strong>Martin Candela<\/strong><\/a>, <b>Paco Garcia<\/b>, <strong>Martial Pauliat<\/strong>, <strong>Cl\u00e9ment Debieuvre<\/strong>, <strong>Davy Cornillot, Fran\u00e7ois-Olivier Jean, Romain Bazola, Stephen Collardelle,<\/strong> <em>tenors<\/em><b><\/b><\/p>\n<p><a href=\"https:\/\/www.etiennebazola.com\/\" target=\"_blank\" rel=\"noopener\"><strong>\u00c9tienne Bazola<\/strong><\/a>,<strong>\u00a0Jean-Christophe Lani\u00e8ce, Fran\u00e7ois Joron, S\u00e9bastien Brohier, Louis-Pierre Patron,<\/strong> <strong>Thierry Cartier<\/strong>, <strong>David Turcotte,<\/strong><em> baritone<\/em><\/p>\n<p><strong>Gabriel Grosbard, Ana\u00eblle Blanc-Verdin, Gabriel Ferry, Yoko Kawakubo, Marie Rouqui\u00e9, Adrien Carr\u00e9, Izleh Henry, Rapha\u00eblle Pacault, Lika Laloum, Tiphaine Coquempot, Minori Deguchi, Camille Ranci\u00e8re, Federica Basilico, Charlotte Gerbitz, <\/strong><em>violins and violas<\/em><br \/>\n<strong>Xavier Miquel, Nathalie Petitbon, Vincent Blanchard,<\/strong> <em>oboes<\/em><br \/>\n<strong>Sandra Latour, Matthieu Bertaud,<\/strong> <strong>Benjamin Gaspon<\/strong>, <em>flutes<\/em><br \/>\n<strong>Ana\u00efs Ramage, Lucile Tessier<\/strong>, <em>bassoon and flutes<\/em><br \/>\n<strong>Julien Hainsworth, Marjolaine Cambon,<\/strong> <em>cellos<\/em><br \/>\n<strong>Marie-Am\u00e9lie Cl\u00e9ment,<\/strong> <em>doublebass<\/em><br \/>\n<strong>\u00c9tienne Galletier, Gabriel Rignol, Damien Pouvreau, Ulrik Larsen, Marie Langlet, <\/strong> <em>theorbo and guitars<\/em><br \/>\n<strong>Cl\u00e9ment Geoffroy, Loris Barrucand,<\/strong> <em>organ and harpsichord<\/em><br \/>\n<strong>Manon Duchemann,<\/strong> <em>percussions<\/em><\/p>\n<\/div><div class=\"fusion-clearfix\"><\/div><\/div><\/div><div class=\"fusion-layout-column fusion_builder_column fusion-builder-column-9 fusion_builder_column_1_3 1_3 fusion-one-third fusion-column-last fusion-animated\" style=\"width:33.333333333333%;width:calc(33.333333333333% - ( ( 4% ) * 0.33333333333333 ) );margin-top:0px;margin-bottom:20px;\" data-animationType=\"fadeInRight\" data-animationDuration=\"0.6\" data-animationOffset=\"top-into-view\"><div class=\"fusion-column-wrapper fusion-flex-column-wrapper-legacy\" style=\"background-position:left top;background-repeat:no-repeat;-webkit-background-size:cover;-moz-background-size:cover;-o-background-size:cover;background-size:cover;padding: 30px 0px 0px 0px;\"><div class=\"imageframe-align-center\"><span class=\" fusion-imageframe imageframe-none imageframe-3 hover-type-none\"><img decoding=\"async\" width=\"2560\" height=\"1707\" title=\"\u00a9 Andreas Harbach\" src=\"https:\/\/www.les-surprises.fr\/wp-content\/uploads\/2023\/09\/DSC00147\u00a9-Andreas-Harbach-scaled.jpg\" class=\"img-responsive wp-image-4381\" srcset=\"https:\/\/www.les-surprises.fr\/wp-content\/uploads\/2023\/09\/DSC00147\u00a9-Andreas-Harbach-200x133.jpg 200w, https:\/\/www.les-surprises.fr\/wp-content\/uploads\/2023\/09\/DSC00147\u00a9-Andreas-Harbach-400x267.jpg 400w, https:\/\/www.les-surprises.fr\/wp-content\/uploads\/2023\/09\/DSC00147\u00a9-Andreas-Harbach-600x400.jpg 600w, https:\/\/www.les-surprises.fr\/wp-content\/uploads\/2023\/09\/DSC00147\u00a9-Andreas-Harbach-800x533.jpg 800w, https:\/\/www.les-surprises.fr\/wp-content\/uploads\/2023\/09\/DSC00147\u00a9-Andreas-Harbach-1200x800.jpg 1200w, https:\/\/www.les-surprises.fr\/wp-content\/uploads\/2023\/09\/DSC00147\u00a9-Andreas-Harbach-scaled.jpg 2560w\" sizes=\"(max-width: 1080px) 100vw, 400px\" \/><\/span><\/div><div class=\"fusion-clearfix\"><\/div><\/div><\/div><\/div><\/div>\n","protected":false},"excerpt":{"rendered":"","protected":false},"author":3,"featured_media":0,"parent":0,"menu_order":0,"comment_status":"closed","ping_status":"closed","template":"","meta":{"footnotes":""},"class_list":["post-1039","page","type-page","status-publish","hentry"],"_links":{"self":[{"href":"https:\/\/www.les-surprises.fr\/en\/wp-json\/wp\/v2\/pages\/1039","targetHints":{"allow":["GET"]}}],"collection":[{"href":"https:\/\/www.les-surprises.fr\/en\/wp-json\/wp\/v2\/pages"}],"about":[{"href":"https:\/\/www.les-surprises.fr\/en\/wp-json\/wp\/v2\/types\/page"}],"author":[{"embeddable":true,"href":"https:\/\/www.les-surprises.fr\/en\/wp-json\/wp\/v2\/users\/3"}],"replies":[{"embeddable":true,"href":"https:\/\/www.les-surprises.fr\/en\/wp-json\/wp\/v2\/comments?post=1039"}],"version-history":[{"count":40,"href":"https:\/\/www.les-surprises.fr\/en\/wp-json\/wp\/v2\/pages\/1039\/revisions"}],"predecessor-version":[{"id":6237,"href":"https:\/\/www.les-surprises.fr\/en\/wp-json\/wp\/v2\/pages\/1039\/revisions\/6237"}],"wp:attachment":[{"href":"https:\/\/www.les-surprises.fr\/en\/wp-json\/wp\/v2\/media?parent=1039"}],"curies":[{"name":"wp","href":"https:\/\/api.w.org\/{rel}","templated":true}]}}